{"id":566,"date":"2024-12-15T17:36:03","date_gmt":"2024-12-15T16:36:03","guid":{"rendered":"https:\/\/homefromhomeintuscany.com\/?page_id=566"},"modified":"2025-02-01T13:30:56","modified_gmt":"2025-02-01T12:30:56","slug":"chi-sono","status":"publish","type":"page","link":"https:\/\/homefromhomeintuscany.com\/en\/about\/","title":{"rendered":"About"},"content":{"rendered":"\t\t<div data-elementor-type=\"wp-page\" data-elementor-id=\"566\" class=\"elementor elementor-566\">\n\t\t\t\t<div class=\"elementor-element elementor-element-f07f33e e-con-full e-flex e-con e-parent\" data-id=\"f07f33e\" data-element_type=\"container\">\n\t\t<div class=\"elementor-element elementor-element-5b818d7 e-con-full e-flex e-con e-child\" data-id=\"5b818d7\" data-element_type=\"container\">\n\t\t\t\t<div class=\"elementor-element elementor-element-c47f14d elementor-widget-tablet__width-inherit elementor-widget elementor-widget-text-editor\" data-id=\"c47f14d\" data-element_type=\"widget\" data-widget_type=\"text-editor.default\">\n\t\t\t\t<div class=\"elementor-widget-container\">\n\t\t\t\t\t\t\t\t\t<h2>I\u2019m Anna, and I love sharing the beauty of my land while offering authentic hospitality to make you feel at home.<\/h2>\t\t\t\t\t\t\t\t<\/div>\n\t\t\t\t<\/div>\n\t\t\t\t<\/div>\n\t\t<div class=\"elementor-element elementor-element-70e90c2 e-flex e-con-boxed e-con e-child\" data-id=\"70e90c2\" data-element_type=\"container\">\n\t\t\t\t\t<div class=\"e-con-inner\">\n\t\t<div class=\"elementor-element elementor-element-ed5c2b7 e-con-full ratio-4-5 e-flex e-con e-child\" data-id=\"ed5c2b7\" data-element_type=\"container\" data-settings=\"{&quot;background_background&quot;:&quot;classic&quot;}\">\n\t\t\t\t<\/div>\n\t\t\t\t<div class=\"elementor-element elementor-element-ec7c7d7 elementor-widget__width-initial elementor-widget elementor-widget-text-editor\" data-id=\"ec7c7d7\" data-element_type=\"widget\" data-widget_type=\"text-editor.default\">\n\t\t\t\t<div class=\"elementor-widget-container\">\n\t\t\t\t\t\t\t\t\t<p><span style=\"font-weight: 400;\">Welcome to our world, nestled between city and countryside. My name is Anna, and together with my family, I\u2019ve made hospitality our true passion. Our hearts are divided between a welcoming countryside residence and a refined apartment in Florence\u2019s historic center\u2014two distinct souls that allow us to offer unique experiences to our guests.<\/span><\/p><p><span style=\"font-weight: 400;\">The passion for hosting has guided us for years, turning our accommodations into authentic \u201chomes away from home\u201d for travelers from all over the world. Each positive review we receive fuels our desire to excel and innovate, always maintaining that personal touch that makes every stay special.<\/span><\/p>\t\t\t\t\t\t\t\t<\/div>\n\t\t\t\t<\/div>\n\t\t<div class=\"elementor-element elementor-element-ec29b84 e-con-full ratio-4-5 e-flex e-con e-child\" data-id=\"ec29b84\" data-element_type=\"container\" data-settings=\"{&quot;background_background&quot;:&quot;classic&quot;}\">\n\t\t\t\t<\/div>\n\t\t\t\t<div class=\"elementor-element elementor-element-362bab8 elementor-widget__width-initial elementor-widget elementor-widget-text-editor\" data-id=\"362bab8\" data-element_type=\"widget\" data-widget_type=\"text-editor.default\">\n\t\t\t\t<div class=\"elementor-widget-container\">\n\t\t\t\t\t\t\t\t\t<p><span style=\"font-weight: 400;\">When I\u2019m not focused on hosting, I cultivate my passions: traveling to discover new places, enjoying art and cinema, and most importantly, exploring the culinary arts. Cooking is my creative outlet, where I experiment and create delicacies that reflect our traditions.<\/span><\/p><p><span style=\"font-weight: 400;\">For me and my family, hospitality is an art built on attention to detail and care. We look forward to sharing an authentic slice of Tuscany with you, infused with the warmth and simplicity that define our hospitality.<\/span><\/p>\t\t\t\t\t\t\t\t<\/div>\n\t\t\t\t<\/div>\n\t\t\t\t\t<\/div>\n\t\t\t\t<\/div>\n\t\t\t\t<\/div>\n\t\t\t\t<\/div>\n\t\t","protected":false},"excerpt":{"rendered":"<p>Sono Anna, amo condividere la bellezza della mia terra e offrire ospitalit\u00e0 autentica, per farvi sentire a casa. Benvenuti nel nostro mondo tra citt\u00e0 e campagna. Sono Anna, e insieme alla mia famiglia ho fatto dell&#8217;ospitalit\u00e0 la nostra vera passione. Il nostro cuore \u00e8 diviso tra un&#8217;accogliente dimora in campagna e un raffinato appartamento nel [&hellip;]<\/p>\n","protected":false},"author":1,"featured_media":0,"parent":0,"menu_order":0,"comment_status":"closed","ping_status":"closed","template":"elementor_theme","meta":{"inline_featured_image":false,"footnotes":""},"class_list":["post-566","page","type-page","status-publish","hentry"],"aioseo_notices":[],"_links":{"self":[{"href":"https:\/\/homefromhomeintuscany.com\/en\/wp-json\/wp\/v2\/pages\/566","targetHints":{"allow":["GET"]}}],"collection":[{"href":"https:\/\/homefromhomeintuscany.com\/en\/wp-json\/wp\/v2\/pages"}],"about":[{"href":"https:\/\/homefromhomeintuscany.com\/en\/wp-json\/wp\/v2\/types\/page"}],"author":[{"embeddable":true,"href":"https:\/\/homefromhomeintuscany.com\/en\/wp-json\/wp\/v2\/users\/1"}],"replies":[{"embeddable":true,"href":"https:\/\/homefromhomeintuscany.com\/en\/wp-json\/wp\/v2\/comments?post=566"}],"version-history":[{"count":34,"href":"https:\/\/homefromhomeintuscany.com\/en\/wp-json\/wp\/v2\/pages\/566\/revisions"}],"predecessor-version":[{"id":1528,"href":"https:\/\/homefromhomeintuscany.com\/en\/wp-json\/wp\/v2\/pages\/566\/revisions\/1528"}],"wp:attachment":[{"href":"https:\/\/homefromhomeintuscany.com\/en\/wp-json\/wp\/v2\/media?parent=566"}],"curies":[{"name":"wp","href":"https:\/\/api.w.org\/{rel}","templated":true}]}}