{"id":566,"date":"2024-12-15T17:36:03","date_gmt":"2024-12-15T16:36:03","guid":{"rendered":"https:\/\/homefromhomeintuscany.com\/?page_id=566"},"modified":"2025-02-01T13:30:56","modified_gmt":"2025-02-01T12:30:56","slug":"chi-sono","status":"publish","type":"page","link":"https:\/\/homefromhomeintuscany.com\/it\/chi-sono\/","title":{"rendered":"Chi sono"},"content":{"rendered":"\t\t<div data-elementor-type=\"wp-page\" data-elementor-id=\"566\" class=\"elementor elementor-566\">\n\t\t\t\t<div class=\"elementor-element elementor-element-f07f33e e-con-full e-flex e-con e-parent\" data-id=\"f07f33e\" data-element_type=\"container\">\n\t\t<div class=\"elementor-element elementor-element-5b818d7 e-con-full e-flex e-con e-child\" data-id=\"5b818d7\" data-element_type=\"container\">\n\t\t\t\t<div class=\"elementor-element elementor-element-c47f14d elementor-widget-tablet__width-inherit elementor-widget elementor-widget-text-editor\" data-id=\"c47f14d\" data-element_type=\"widget\" data-widget_type=\"text-editor.default\">\n\t\t\t\t<div class=\"elementor-widget-container\">\n\t\t\t\t\t\t\t\t\t<h2>Sono Anna, amo condividere la bellezza della mia terra e offrire ospitalit\u00e0 autentica, per farvi sentire a casa.<\/h2>\t\t\t\t\t\t\t\t<\/div>\n\t\t\t\t<\/div>\n\t\t\t\t<\/div>\n\t\t<div class=\"elementor-element elementor-element-70e90c2 e-flex e-con-boxed e-con e-child\" data-id=\"70e90c2\" data-element_type=\"container\">\n\t\t\t\t\t<div class=\"e-con-inner\">\n\t\t<div class=\"elementor-element elementor-element-ed5c2b7 e-con-full ratio-4-5 e-flex e-con e-child\" data-id=\"ed5c2b7\" data-element_type=\"container\" data-settings=\"{&quot;background_background&quot;:&quot;classic&quot;}\">\n\t\t\t\t<\/div>\n\t\t\t\t<div class=\"elementor-element elementor-element-ec7c7d7 elementor-widget__width-initial elementor-widget elementor-widget-text-editor\" data-id=\"ec7c7d7\" data-element_type=\"widget\" data-widget_type=\"text-editor.default\">\n\t\t\t\t<div class=\"elementor-widget-container\">\n\t\t\t\t\t\t\t\t\t<p><span style=\"font-weight: 400;\">Benvenuti nel nostro mondo tra citt\u00e0 e campagna. Sono Anna, e insieme alla mia famiglia ho fatto dell&#8217;ospitalit\u00e0 la nostra vera passione. Il nostro cuore \u00e8 diviso tra un&#8217;accogliente dimora in campagna e un raffinato appartamento nel centro storico di Firenze, due anime diverse che ci permettono di offrire esperienze uniche ai nostri ospiti.<\/span><\/p><p><span style=\"font-weight: 400;\">La passione per l&#8217;accoglienza ci guida da anni, trasformando le nostre strutture in autentiche &#8220;case lontano da casa&#8221; per viaggiatori provenienti da ogni angolo del mondo. Ogni riscontro positivo che riceviamo alimenta il nostro desiderio di eccellere e innovare, mantenendo sempre quel tocco personale che rende speciale ogni soggiorno.<\/span><\/p>\t\t\t\t\t\t\t\t<\/div>\n\t\t\t\t<\/div>\n\t\t<div class=\"elementor-element elementor-element-ec29b84 e-con-full ratio-4-5 e-flex e-con e-child\" data-id=\"ec29b84\" data-element_type=\"container\" data-settings=\"{&quot;background_background&quot;:&quot;classic&quot;}\">\n\t\t\t\t<\/div>\n\t\t\t\t<div class=\"elementor-element elementor-element-362bab8 elementor-widget__width-initial elementor-widget elementor-widget-text-editor\" data-id=\"362bab8\" data-element_type=\"widget\" data-widget_type=\"text-editor.default\">\n\t\t\t\t<div class=\"elementor-widget-container\">\n\t\t\t\t\t\t\t\t\t<p><span style=\"font-weight: 400;\">Quando non mi dedico all&#8217;accoglienza degli ospiti, coltivo le mie passioni: dai viaggi alla scoperta di nuovi luoghi, all&#8217;arte e al cinema. Ma \u00e8 nella cucina che trova espressione la mia pi\u00f9 grande gioia &#8211; un laboratorio creativo dove sperimentare e dare vita a prelibatezze che raccontano la nostra tradizione.<\/span><\/p><p><span style=\"font-weight: 400;\">Per me e la mia famiglia, l&#8217;ospitalit\u00e0 \u00e8 un&#8217;arte fatta di attenzione e cura dei dettagli. Vi aspettiamo per condividere insieme un pezzo autentico di Toscana, con la semplicit\u00e0 e il calore che caratterizzano la nostra accoglienza.<\/span><\/p>\t\t\t\t\t\t\t\t<\/div>\n\t\t\t\t<\/div>\n\t\t\t\t\t<\/div>\n\t\t\t\t<\/div>\n\t\t\t\t<\/div>\n\t\t\t\t<\/div>\n\t\t","protected":false},"excerpt":{"rendered":"<p>Sono Anna, amo condividere la bellezza della mia terra e offrire ospitalit\u00e0 autentica, per farvi sentire a casa. Benvenuti nel nostro mondo tra citt\u00e0 e campagna. Sono Anna, e insieme alla mia famiglia ho fatto dell&#8217;ospitalit\u00e0 la nostra vera passione. Il nostro cuore \u00e8 diviso tra un&#8217;accogliente dimora in campagna e un raffinato appartamento nel [&hellip;]<\/p>\n","protected":false},"author":1,"featured_media":0,"parent":0,"menu_order":0,"comment_status":"closed","ping_status":"closed","template":"elementor_theme","meta":{"inline_featured_image":false,"footnotes":""},"class_list":["post-566","page","type-page","status-publish","hentry"],"aioseo_notices":[],"_links":{"self":[{"href":"https:\/\/homefromhomeintuscany.com\/it\/wp-json\/wp\/v2\/pages\/566","targetHints":{"allow":["GET"]}}],"collection":[{"href":"https:\/\/homefromhomeintuscany.com\/it\/wp-json\/wp\/v2\/pages"}],"about":[{"href":"https:\/\/homefromhomeintuscany.com\/it\/wp-json\/wp\/v2\/types\/page"}],"author":[{"embeddable":true,"href":"https:\/\/homefromhomeintuscany.com\/it\/wp-json\/wp\/v2\/users\/1"}],"replies":[{"embeddable":true,"href":"https:\/\/homefromhomeintuscany.com\/it\/wp-json\/wp\/v2\/comments?post=566"}],"version-history":[{"count":34,"href":"https:\/\/homefromhomeintuscany.com\/it\/wp-json\/wp\/v2\/pages\/566\/revisions"}],"predecessor-version":[{"id":1528,"href":"https:\/\/homefromhomeintuscany.com\/it\/wp-json\/wp\/v2\/pages\/566\/revisions\/1528"}],"wp:attachment":[{"href":"https:\/\/homefromhomeintuscany.com\/it\/wp-json\/wp\/v2\/media?parent=566"}],"curies":[{"name":"wp","href":"https:\/\/api.w.org\/{rel}","templated":true}]}}